{"id":2164,"date":"2022-08-13T16:22:23","date_gmt":"2022-08-13T14:22:23","guid":{"rendered":"http:\/\/www.moppedblock.de\/?page_id=2164"},"modified":"2022-08-14T17:17:46","modified_gmt":"2022-08-14T15:17:46","slug":"bad-ems","status":"publish","type":"page","link":"http:\/\/www.moppedblock.de\/?page_id=2164","title":{"rendered":"Bad Ems"},"content":{"rendered":"\n<p>Das Dreierteam Frank, Gerd &amp; Ralf haben vom 29. 7. bis 6. 8.2022 Deutschland auf ihren Motorr\u00e4dern bereist. Mit Zwischenstation im G\u00e4stehaus Spieker in Horn-Bad Meinberg &#8230;<\/p>\n\n\n<div class=\"wp-block-image\">\n<figure class=\"aligncenter size-large is-resized\"><a href=\"https:\/\/www.gaestehausspieker.de\/\" target=\"_blank\" rel=\"noreferrer noopener\"><img loading=\"lazy\" decoding=\"async\" src=\"http:\/\/www.moppedblock.de\/wp-content\/uploads\/2022\/08\/Spieker-600x340.png\" alt=\"\" class=\"wp-image-2185\" width=\"600\" height=\"340\" srcset=\"http:\/\/www.moppedblock.de\/wp-content\/uploads\/2022\/08\/Spieker-600x340.png 600w, http:\/\/www.moppedblock.de\/wp-content\/uploads\/2022\/08\/Spieker-300x170.png 300w, http:\/\/www.moppedblock.de\/wp-content\/uploads\/2022\/08\/Spieker.png 639w\" sizes=\"auto, (max-width: 600px) 100vw, 600px\" \/><\/a><figcaption>G\u00e4stehaus Spieker in Horn-Bad Meinberg. Ein Klick ins Bild \u00f6ffnet deren Homepage<\/figcaption><\/figure>\n<\/div>\n\n\n<p> &#8230; ging es zum Berghotel Wintersberg oberhalb von Bad Ems.<\/p>\n\n\n<div class=\"wp-block-image\">\n<figure class=\"aligncenter size-large\"><a href=\"https:\/\/youtu.be\/tFZ31BmpRF0\" target=\"_blank\" rel=\"noreferrer noopener\"><img loading=\"lazy\" decoding=\"async\" width=\"600\" height=\"200\" src=\"http:\/\/www.moppedblock.de\/wp-content\/uploads\/2022\/08\/Wintersberg-600x200.jpg\" alt=\"\" class=\"wp-image-2183\" srcset=\"http:\/\/www.moppedblock.de\/wp-content\/uploads\/2022\/08\/Wintersberg-600x200.jpg 600w, http:\/\/www.moppedblock.de\/wp-content\/uploads\/2022\/08\/Wintersberg-300x100.jpg 300w, http:\/\/www.moppedblock.de\/wp-content\/uploads\/2022\/08\/Wintersberg-768x256.jpg 768w, http:\/\/www.moppedblock.de\/wp-content\/uploads\/2022\/08\/Wintersberg-1536x512.jpg 1536w, http:\/\/www.moppedblock.de\/wp-content\/uploads\/2022\/08\/Wintersberg.jpg 1600w\" sizes=\"auto, (max-width: 600px) 100vw, 600px\" \/><\/a><figcaption>Terrasse des Berghotels Wintersberg in Bad Ems: Ein Klick ins Bild startet das Hausvideo<\/figcaption><\/figure>\n<\/div>\n\n\n<p>Da im Hotel zwar Fr\u00fchst\u00fcck, aber kein Abendessen angeboten war, haben wir unseren Hunger mehrfach in der &#8222;Pizzeria Caf\u00e9 Ristorante <a href=\"https:\/\/www.google.com\/search?rlz=1C1CHBF_deDE916DE916&amp;q=Pizzeria+Roma,+Dausenau&amp;sa=X&amp;ved=2ahUKEwj5y_mFz8b5AhVNi_0HHX31DagQ1QJ6BAgnEAE&amp;biw=1536&amp;bih=754&amp;dpr=1.25\" target=\"_blank\" rel=\"noreferrer noopener\">Roma<\/a>&#8220; in Dausenau gestillt. Sehr netter und humorvoller Wirt mit kroatischen Wurzeln und &#8211; wie er sagte &#8211; &#8222;italienischen Papieren&#8220;.<\/p>\n\n\n\n<p>Das Berghotel ist ein idealer Ausgangspunkt f\u00fcr Ausfl\u00fcge entlang der Fl\u00fcsse Rhein, Mosel und Lahn sowie in die angrenzenden Mittelgebirge Eifel, Hunsr\u00fcck, Taunus und Westerwald. Bei der \u00dcberwindung der H\u00f6henunterschiede zwischen Gebirgsr\u00fccken und Flussniederungen gibt es viele Kurven und Kehren, sodass der Fahrspa\u00df ordentlich befeuert wird.<\/p>\n\n\n<div class=\"wp-block-image\">\n<figure class=\"aligncenter size-large is-resized\"><img loading=\"lazy\" decoding=\"async\" src=\"http:\/\/www.moppedblock.de\/wp-content\/uploads\/2022\/08\/Bad-Ems-600x451.png\" alt=\"\" class=\"wp-image-2167\" width=\"450\" height=\"338\" srcset=\"http:\/\/www.moppedblock.de\/wp-content\/uploads\/2022\/08\/Bad-Ems-600x451.png 600w, http:\/\/www.moppedblock.de\/wp-content\/uploads\/2022\/08\/Bad-Ems-300x226.png 300w, http:\/\/www.moppedblock.de\/wp-content\/uploads\/2022\/08\/Bad-Ems-768x577.png 768w, http:\/\/www.moppedblock.de\/wp-content\/uploads\/2022\/08\/Bad-Ems.png 1080w\" sizes=\"auto, (max-width: 450px) 100vw, 450px\" \/><figcaption>Die Karte zeigt die Lage von Bad Ems sowie die genutzten Querungen von Rhein und Mosel durch Br\u00fccken und F\u00e4hren. \u00dcber die Lahn f\u00fchren viele Br\u00fccken.<\/figcaption><\/figure>\n<\/div>\n\n\n<p>Landschaftlich sind Mosel und Rhein besonders reizvoll. Als Beispiel mag der Sieben-Jungfrauen-Blick bei Oberwesel (<code><mark style=\"background-color:rgba(0, 0, 0, 0);color:#0cb90e\" class=\"has-inline-color\">x<\/mark><\/code>) gelten.<\/p>\n\n\n\n<figure class=\"wp-block-image size-large\"><img loading=\"lazy\" decoding=\"async\" width=\"600\" height=\"129\" src=\"http:\/\/www.moppedblock.de\/wp-content\/uploads\/2022\/08\/Sieben-Jungfrauen-Blick-600x129.jpg\" alt=\"\" class=\"wp-image-2177\" srcset=\"http:\/\/www.moppedblock.de\/wp-content\/uploads\/2022\/08\/Sieben-Jungfrauen-Blick-600x129.jpg 600w, http:\/\/www.moppedblock.de\/wp-content\/uploads\/2022\/08\/Sieben-Jungfrauen-Blick-300x65.jpg 300w, http:\/\/www.moppedblock.de\/wp-content\/uploads\/2022\/08\/Sieben-Jungfrauen-Blick-768x166.jpg 768w, http:\/\/www.moppedblock.de\/wp-content\/uploads\/2022\/08\/Sieben-Jungfrauen-Blick-1536x331.jpg 1536w, http:\/\/www.moppedblock.de\/wp-content\/uploads\/2022\/08\/Sieben-Jungfrauen-Blick-2048x442.jpg 2048w\" sizes=\"auto, (max-width: 600px) 100vw, 600px\" \/><figcaption>Sieben-Jungfrauen-Blick bei Oberwesel<\/figcaption><\/figure>\n\n\n\n<p><strong><em><mark style=\"background-color:rgba(0, 0, 0, 0);color:#027ffb\" class=\"has-inline-color\">Die Sage dazu:<\/mark><\/em><\/strong><\/p>\n\n\n\n<p><em><mark style=\"background-color:rgba(0, 0, 0, 0);color:#007dfb\" class=\"has-inline-color\">Auf der Sch\u00f6nburg in Oberwesel residierten einst sieben sch\u00f6ne Schwestern. Ihre Sch\u00f6nheit und Tugendhaftigkeit war \u00fcber die Region hinaus bekannt.<br>Zahlreiche Ritter und Edelm\u00e4nner warben um sie. Es wurden Turniere abgehalten, bei denen die Edelm\u00e4nner gegeneinander antraten und die Jungfrauen wurden in Liedern besungen, um deren Herzen zu gewinnen.<\/mark><\/em><mark style=\"background-color:rgba(0, 0, 0, 0)\" class=\"has-inline-color has-blue-color\"><br><\/mark><em><mark style=\"background-color:rgba(0, 0, 0, 0);color:#007cf9\" class=\"has-inline-color\">Doch keine der Jungfrauen lie\u00df sich erobern, ihre Herzen schienen versteinert\u2026<br>So vergingen die Jahre, bis die M\u00e4nner im Unmut drohten, die Burg solange zu belagern, bis sich die Jungfrauen jeweils f\u00fcr einen der Bewerber entschieden. Unter Druck stimmten die Frauen zu und die Edelm\u00e4nner versammelten sich im Schlosshof. Den M\u00e4nnern wurden Lose angeboten, was den Unmut der vielen Verlierer erh\u00f6hte. Am n\u00e4chsten Tag fanden die M\u00e4nner beim \u201eEinl\u00f6sen\u201c ihrer Lose nur bekleidete Strohpuppen vor, sie waren reingelegt worden.<\/mark><\/em><mark style=\"background-color:rgba(0, 0, 0, 0)\" class=\"has-inline-color has-blue-color\"><em><br><\/em><\/mark><em><mark style=\"background-color:rgba(0, 0, 0, 0);color:#017efc\" class=\"has-inline-color\">Die sieben Jungfrauen hingegen fuhren derweil auf einem Schiff auf dem Rhein stromabw\u00e4rts und winkten den M\u00e4nnern auf der Burg voller Schadenfreude zu.<br>Pl\u00f6tzlich jedoch verdunkelte sich der Himmel, es donnerte und blitze und das Schiff mitsamt der Frauen wurde von einer hohen Welle in die Fluten gerissen\u2026Dann klarte der Himmel wieder auf und an der Stelle wo die Jungfrauen versunken waren, konnten die M\u00e4nner sehen, wie sich sieben Felsen aus dem Rhein erhoben. Diese hie\u00dfen fortan \u201eDie sieben Jungfern\u201c.<\/mark><\/em><\/p>\n\n\n\n<p><em><mark style=\"background-color:rgba(0, 0, 0, 0);color:#027efa\" class=\"has-inline-color\">Noch heute sind die sieben Felsen im Rhein bei Niedrigwasser zu sehen und sollen jeder Jungfrau zur Warnung dienen, sich nicht allzu hartn\u00e4ckig der Werbung aufrichtiger Freier zu verschlie\u00dfen.<\/mark><\/em><\/p>\n\n\n\n<p>Eine besondere Form von Gastfreundschaft durften wir in Blankenrath erleben: Ein Biergarten, der Ruhetag hatte, \u00f6ffnete uns seine Pforten f\u00fcr Kaffee, ein Kaltgetr\u00e4nk und k\u00f6stlichen selbstgebackenen Kuchen. Und da sich die Wirtsleute zu uns setzten, hatten wir dort eine gesellige Zeit, die bei uns in angenehmer Erinnerung geblieben ist.<\/p>\n\n\n<div class=\"wp-block-image\">\n<figure class=\"aligncenter size-large\"><a href=\"http:\/\/gasthaus-graeff.de\/\" target=\"_blank\" rel=\"noreferrer noopener\"><img loading=\"lazy\" decoding=\"async\" width=\"600\" height=\"439\" src=\"http:\/\/www.moppedblock.de\/wp-content\/uploads\/2022\/08\/graeff-oster-600x439.png\" alt=\"\" class=\"wp-image-2180\" srcset=\"http:\/\/www.moppedblock.de\/wp-content\/uploads\/2022\/08\/graeff-oster-600x439.png 600w, http:\/\/www.moppedblock.de\/wp-content\/uploads\/2022\/08\/graeff-oster-300x219.png 300w, http:\/\/www.moppedblock.de\/wp-content\/uploads\/2022\/08\/graeff-oster.png 677w\" sizes=\"auto, (max-width: 600px) 100vw, 600px\" \/><\/a><figcaption>Der besagte Biergarten. Ein Klick ins Bild \u00f6ffnet die Webseite des Gasthauses<\/figcaption><\/figure>\n<\/div>\n\n\n<p>Am Freitag ging ging es dann wieder Richtung Heimat mit erneutem Zwischenstopp im G\u00e4stehaus Spieker. Die zwei Etappen  f\u00fcr die Hin- und R\u00fcckfahrt mit jeweils ca. 270 km waren gut zu schaffen und lie\u00dfen hinreichend Zeit f\u00fcr ausf\u00fchrliche Pausen. Uns hat die Sache viel Spa\u00df gebracht. <\/p>\n","protected":false},"excerpt":{"rendered":"<p>Das Dreierteam Frank, Gerd &amp; Ralf haben vom 29. 7. bis 6. 8.2022 Deutschland auf ihren Motorr\u00e4dern bereist. Mit Zwischenstation im G\u00e4stehaus Spieker in Horn-Bad Meinberg &#8230; &#8230; ging es zum Berghotel Wintersberg oberhalb von Bad Ems. Da im Hotel &hellip; <a href=\"http:\/\/www.moppedblock.de\/?page_id=2164\">Weiterlesen <span class=\"meta-nav\">&rarr;<\/span><\/a><\/p>\n","protected":false},"author":3,"featured_media":0,"parent":0,"menu_order":0,"comment_status":"closed","ping_status":"closed","template":"","meta":{"ngg_post_thumbnail":0,"footnotes":""},"class_list":["post-2164","page","type-page","status-publish","hentry"],"_links":{"self":[{"href":"http:\/\/www.moppedblock.de\/index.php?rest_route=\/wp\/v2\/pages\/2164","targetHints":{"allow":["GET"]}}],"collection":[{"href":"http:\/\/www.moppedblock.de\/index.php?rest_route=\/wp\/v2\/pages"}],"about":[{"href":"http:\/\/www.moppedblock.de\/index.php?rest_route=\/wp\/v2\/types\/page"}],"author":[{"embeddable":true,"href":"http:\/\/www.moppedblock.de\/index.php?rest_route=\/wp\/v2\/users\/3"}],"replies":[{"embeddable":true,"href":"http:\/\/www.moppedblock.de\/index.php?rest_route=%2Fwp%2Fv2%2Fcomments&post=2164"}],"version-history":[{"count":18,"href":"http:\/\/www.moppedblock.de\/index.php?rest_route=\/wp\/v2\/pages\/2164\/revisions"}],"predecessor-version":[{"id":2196,"href":"http:\/\/www.moppedblock.de\/index.php?rest_route=\/wp\/v2\/pages\/2164\/revisions\/2196"}],"wp:attachment":[{"href":"http:\/\/www.moppedblock.de\/index.php?rest_route=%2Fwp%2Fv2%2Fmedia&parent=2164"}],"curies":[{"name":"wp","href":"https:\/\/api.w.org\/{rel}","templated":true}]}}